{"id":5848,"date":"2023-07-26T14:48:25","date_gmt":"2023-07-26T12:48:25","guid":{"rendered":"https:\/\/trashed.berlin\/product\/trash-t-shirt-basic-dirty-green\/"},"modified":"2023-12-05T15:12:41","modified_gmt":"2023-12-05T13:12:41","slug":"trash-t-shirt-basic-dirty-green","status":"publish","type":"product","link":"https:\/\/trashed.berlin\/de\/produkt\/trash-t-shirt-basic-dirty-green\/","title":{"rendered":"TRASH T-SHIRT BASIC DIRTY GREEN"},"content":{"rendered":"<p>Trash <a href=\"https:\/\/trashed.berlin\/de\/produkt-kategorie\/tshirts-de\/\" target=\"_blank\" rel=\"noopener\">T-shirt<\/a> basic dirty green mit schmaler Passform. Ein Vintage-Look mit zerrissenem Abschluss an der Taille, glatter Textur und handgefertigtem Verfahren. Etwas l\u00e4ngerer Schnitt mit rundem Ausschnitt. Verblasstes Design.<\/p>\n<div class=\"woocommerce-tabs wc-tabs-wrapper\">\n<div id=\"tab-description\" class=\"woocommerce-Tabs-panel\" role=\"tabpanel\" aria-labelledby=\"tab-title-description\">\n<p>Das Model tr\u00e4gt die Gr\u00f6\u00dfe XL<\/p>\n<p>H\u00f6he: 180cm<\/p>\n<p>Gewicht: 83kg<\/p>\n<p>Material: 100% Baumwolle<\/p>\n<p>&nbsp;<\/p>\n<p>Waschanleitung Maschinenw\u00e4sche 40\u00b0C<\/p>\n<p>Trocknen im W\u00e4schetrockner erlaubt B\u00fcgeln auf mittlerer Hitze<\/p>\n<p>Keinen Weichsp\u00fcler verwenden<\/p>\n<p>&nbsp;<\/p>\n<p><a href=\"https:\/\/www.instagram.com\/trasheddb_berlin\/\" target=\"_blank\" rel=\"noopener\">Trash<\/a> wird aus hochwertiger Baumwolle hergestellt, die ausschlie\u00dflich in der EU angebaut wird. Alle Sto\ufb00e, Materialien und Verarbeitungen der Kleidungsst\u00fccke werden nach h\u00f6chsten Qualit\u00e4tsstandards ausgew\u00e4hlt.<\/p>\n<p>Mit Stein gewaschen und gef\u00e4rbt f\u00fcr eine Vintage-Optik. Farben und Produktionsverfahren sind umweltfreundlich. Alle Artikel werden in der EU entworfen und hergestellt.<\/p>\n<p>&nbsp;<\/p>\n<\/div>\n<\/div>\n","protected":false},"excerpt":{"rendered":"<p>Trash T-shirt basic dirty green mit schmaler Passform. Ein Vintage-Look mit zerrissenem Abschluss an der Taille, glatter Textur und handgefertigtem Verfahren. Etwas l\u00e4ngerer Schnitt mit rundem Ausschnitt. Verblasstes Design. Das Model tr\u00e4gt die Gr\u00f6\u00dfe XL H\u00f6he: 180cm Gewicht: 83kg Material: 100% Baumwolle &nbsp; Waschanleitung Maschinenw\u00e4sche 40\u00b0C Trocknen im W\u00e4schetrockner erlaubt B\u00fcgeln auf mittlerer Hitze Keinen [&hellip;]<\/p>\n","protected":false},"featured_media":5760,"template":"","meta":[],"product_cat":[114],"product_tag":[],"yoast_head":"<!-- This site is optimized with the Yoast SEO plugin v22.9 - https:\/\/yoast.com\/wordpress\/plugins\/seo\/ -->\n<title>TRASH T-SHIRT BASIC DIRTY GREEN - TRASH Berlin<\/title>\n<meta name=\"description\" content=\"Trash T-shirt Basic Dirty Green mit schmaler Passform. Ein Vintage-Look mit zerrissenem Abschluss an der Taille, glatter Textur und handgefertigtem Verfahren.\" \/>\n<meta name=\"robots\" content=\"index, follow, max-snippet:-1, max-image-preview:large, max-video-preview:-1\" \/>\n<link rel=\"canonical\" href=\"https:\/\/trashed.berlin\/de\/produkt\/trash-t-shirt-basic-dirty-green\/\" \/>\n<meta property=\"og:locale\" content=\"de_DE\" \/>\n<meta property=\"og:type\" content=\"article\" \/>\n<meta property=\"og:title\" content=\"TRASH T-SHIRT BASIC DIRTY GREEN\" \/>\n<meta property=\"og:description\" content=\"Trash T-Shirt Basic Dirty Green mit schmaler Passform. Ein Vintage-Look mit zerrissenem Abschluss an der Taille, glatter Textur und handgefertigtem Verfahren.\" \/>\n<meta property=\"og:url\" content=\"https:\/\/trashed.berlin\/de\/produkt\/trash-t-shirt-basic-dirty-green\/\" \/>\n<meta property=\"og:site_name\" content=\"TRASH Berlin\" \/>\n<meta property=\"article:modified_time\" content=\"2023-12-05T13:12:41+00:00\" \/>\n<meta property=\"og:image\" content=\"https:\/\/trashed.berlin\/wp-content\/uploads\/2023\/07\/DSC05257-scaled.jpeg\" \/>\n\t<meta property=\"og:image:width\" content=\"1707\" \/>\n\t<meta property=\"og:image:height\" content=\"2560\" \/>\n\t<meta property=\"og:image:type\" content=\"image\/jpeg\" \/>\n<meta name=\"twitter:card\" content=\"summary_large_image\" \/>\n<meta name=\"twitter:title\" content=\"TRASH T-SHIRT BASIC DIRTY GREEN\" \/>\n<meta name=\"twitter:description\" content=\"Trash T-Shirt Basic Dirty Green mit schmaler Passform. Ein Vintage-Look mit zerrissenem Abschluss an der Taille, glatter Textur und handgefertigtem Verfahren.\" \/>\n<meta name=\"twitter:image\" content=\"https:\/\/trashed.berlin\/wp-content\/uploads\/2023\/07\/DSC05257-scaled.jpeg\" \/>\n<meta name=\"twitter:label1\" content=\"Gesch\u00e4tzte Lesezeit\" \/>\n\t<meta name=\"twitter:data1\" content=\"1 Minute\" \/>\n<script type=\"application\/ld+json\" class=\"yoast-schema-graph\">{\"@context\":\"https:\/\/schema.org\",\"@graph\":[{\"@type\":\"WebPage\",\"@id\":\"https:\/\/trashed.berlin\/de\/produkt\/trash-t-shirt-basic-dirty-green\/\",\"url\":\"https:\/\/trashed.berlin\/de\/produkt\/trash-t-shirt-basic-dirty-green\/\",\"name\":\"TRASH T-SHIRT BASIC DIRTY GREEN - TRASH Berlin\",\"isPartOf\":{\"@id\":\"https:\/\/trashed.berlin\/de\/#website\"},\"primaryImageOfPage\":{\"@id\":\"https:\/\/trashed.berlin\/de\/produkt\/trash-t-shirt-basic-dirty-green\/#primaryimage\"},\"image\":{\"@id\":\"https:\/\/trashed.berlin\/de\/produkt\/trash-t-shirt-basic-dirty-green\/#primaryimage\"},\"thumbnailUrl\":\"https:\/\/trashed.berlin\/wp-content\/uploads\/2023\/07\/DSC05257-scaled.jpeg\",\"datePublished\":\"2023-07-26T12:48:25+00:00\",\"dateModified\":\"2023-12-05T13:12:41+00:00\",\"description\":\"Trash T-shirt Basic Dirty Green mit schmaler Passform. Ein Vintage-Look mit zerrissenem Abschluss an der Taille, glatter Textur und handgefertigtem Verfahren.\",\"breadcrumb\":{\"@id\":\"https:\/\/trashed.berlin\/de\/produkt\/trash-t-shirt-basic-dirty-green\/#breadcrumb\"},\"inLanguage\":\"de-DE\",\"potentialAction\":[{\"@type\":\"ReadAction\",\"target\":[\"https:\/\/trashed.berlin\/de\/produkt\/trash-t-shirt-basic-dirty-green\/\"]}]},{\"@type\":\"ImageObject\",\"inLanguage\":\"de-DE\",\"@id\":\"https:\/\/trashed.berlin\/de\/produkt\/trash-t-shirt-basic-dirty-green\/#primaryimage\",\"url\":\"https:\/\/trashed.berlin\/wp-content\/uploads\/2023\/07\/DSC05257-scaled.jpeg\",\"contentUrl\":\"https:\/\/trashed.berlin\/wp-content\/uploads\/2023\/07\/DSC05257-scaled.jpeg\",\"width\":1707,\"height\":2560,\"caption\":\"Trash T-shirt basic dirty green\"},{\"@type\":\"BreadcrumbList\",\"@id\":\"https:\/\/trashed.berlin\/de\/produkt\/trash-t-shirt-basic-dirty-green\/#breadcrumb\",\"itemListElement\":[{\"@type\":\"ListItem\",\"position\":1,\"name\":\"Home\",\"item\":\"https:\/\/trashed.berlin\/de\/\"},{\"@type\":\"ListItem\",\"position\":2,\"name\":\"Produkte\",\"item\":\"https:\/\/trashed.berlin\/de\/shop\/\"},{\"@type\":\"ListItem\",\"position\":3,\"name\":\"TRASH T-SHIRT BASIC DIRTY GREEN\"}]},{\"@type\":\"WebSite\",\"@id\":\"https:\/\/trashed.berlin\/de\/#website\",\"url\":\"https:\/\/trashed.berlin\/de\/\",\"name\":\"TRASH Berlin\",\"description\":\"\",\"potentialAction\":[{\"@type\":\"SearchAction\",\"target\":{\"@type\":\"EntryPoint\",\"urlTemplate\":\"https:\/\/trashed.berlin\/de\/?s={search_term_string}\"},\"query-input\":\"required name=search_term_string\"}],\"inLanguage\":\"de-DE\"}]}<\/script>\n<!-- \/ Yoast SEO plugin. -->","yoast_head_json":{"title":"TRASH T-SHIRT BASIC DIRTY GREEN - TRASH Berlin","description":"Trash T-shirt Basic Dirty Green mit schmaler Passform. Ein Vintage-Look mit zerrissenem Abschluss an der Taille, glatter Textur und handgefertigtem Verfahren.","robots":{"index":"index","follow":"follow","max-snippet":"max-snippet:-1","max-image-preview":"max-image-preview:large","max-video-preview":"max-video-preview:-1"},"canonical":"https:\/\/trashed.berlin\/de\/produkt\/trash-t-shirt-basic-dirty-green\/","og_locale":"de_DE","og_type":"article","og_title":"TRASH T-SHIRT BASIC DIRTY GREEN","og_description":"Trash T-Shirt Basic Dirty Green mit schmaler Passform. Ein Vintage-Look mit zerrissenem Abschluss an der Taille, glatter Textur und handgefertigtem Verfahren.","og_url":"https:\/\/trashed.berlin\/de\/produkt\/trash-t-shirt-basic-dirty-green\/","og_site_name":"TRASH Berlin","article_modified_time":"2023-12-05T13:12:41+00:00","og_image":[{"width":1707,"height":2560,"url":"https:\/\/trashed.berlin\/wp-content\/uploads\/2023\/07\/DSC05257-scaled.jpeg","type":"image\/jpeg"}],"twitter_card":"summary_large_image","twitter_title":"TRASH T-SHIRT BASIC DIRTY GREEN","twitter_description":"Trash T-Shirt Basic Dirty Green mit schmaler Passform. Ein Vintage-Look mit zerrissenem Abschluss an der Taille, glatter Textur und handgefertigtem Verfahren.","twitter_image":"https:\/\/trashed.berlin\/wp-content\/uploads\/2023\/07\/DSC05257-scaled.jpeg","twitter_misc":{"Gesch\u00e4tzte Lesezeit":"1 Minute"},"schema":{"@context":"https:\/\/schema.org","@graph":[{"@type":"WebPage","@id":"https:\/\/trashed.berlin\/de\/produkt\/trash-t-shirt-basic-dirty-green\/","url":"https:\/\/trashed.berlin\/de\/produkt\/trash-t-shirt-basic-dirty-green\/","name":"TRASH T-SHIRT BASIC DIRTY GREEN - TRASH Berlin","isPartOf":{"@id":"https:\/\/trashed.berlin\/de\/#website"},"primaryImageOfPage":{"@id":"https:\/\/trashed.berlin\/de\/produkt\/trash-t-shirt-basic-dirty-green\/#primaryimage"},"image":{"@id":"https:\/\/trashed.berlin\/de\/produkt\/trash-t-shirt-basic-dirty-green\/#primaryimage"},"thumbnailUrl":"https:\/\/trashed.berlin\/wp-content\/uploads\/2023\/07\/DSC05257-scaled.jpeg","datePublished":"2023-07-26T12:48:25+00:00","dateModified":"2023-12-05T13:12:41+00:00","description":"Trash T-shirt Basic Dirty Green mit schmaler Passform. Ein Vintage-Look mit zerrissenem Abschluss an der Taille, glatter Textur und handgefertigtem Verfahren.","breadcrumb":{"@id":"https:\/\/trashed.berlin\/de\/produkt\/trash-t-shirt-basic-dirty-green\/#breadcrumb"},"inLanguage":"de-DE","potentialAction":[{"@type":"ReadAction","target":["https:\/\/trashed.berlin\/de\/produkt\/trash-t-shirt-basic-dirty-green\/"]}]},{"@type":"ImageObject","inLanguage":"de-DE","@id":"https:\/\/trashed.berlin\/de\/produkt\/trash-t-shirt-basic-dirty-green\/#primaryimage","url":"https:\/\/trashed.berlin\/wp-content\/uploads\/2023\/07\/DSC05257-scaled.jpeg","contentUrl":"https:\/\/trashed.berlin\/wp-content\/uploads\/2023\/07\/DSC05257-scaled.jpeg","width":1707,"height":2560,"caption":"Trash T-shirt basic dirty green"},{"@type":"BreadcrumbList","@id":"https:\/\/trashed.berlin\/de\/produkt\/trash-t-shirt-basic-dirty-green\/#breadcrumb","itemListElement":[{"@type":"ListItem","position":1,"name":"Home","item":"https:\/\/trashed.berlin\/de\/"},{"@type":"ListItem","position":2,"name":"Produkte","item":"https:\/\/trashed.berlin\/de\/shop\/"},{"@type":"ListItem","position":3,"name":"TRASH T-SHIRT BASIC DIRTY GREEN"}]},{"@type":"WebSite","@id":"https:\/\/trashed.berlin\/de\/#website","url":"https:\/\/trashed.berlin\/de\/","name":"TRASH Berlin","description":"","potentialAction":[{"@type":"SearchAction","target":{"@type":"EntryPoint","urlTemplate":"https:\/\/trashed.berlin\/de\/?s={search_term_string}"},"query-input":"required name=search_term_string"}],"inLanguage":"de-DE"}]}},"_links":{"self":[{"href":"https:\/\/trashed.berlin\/de\/wp-json\/wp\/v2\/product\/5848"}],"collection":[{"href":"https:\/\/trashed.berlin\/de\/wp-json\/wp\/v2\/product"}],"about":[{"href":"https:\/\/trashed.berlin\/de\/wp-json\/wp\/v2\/types\/product"}],"wp:featuredmedia":[{"embeddable":true,"href":"https:\/\/trashed.berlin\/de\/wp-json\/wp\/v2\/media\/5760"}],"wp:attachment":[{"href":"https:\/\/trashed.berlin\/de\/wp-json\/wp\/v2\/media?parent=5848"}],"wp:term":[{"taxonomy":"product_cat","embeddable":true,"href":"https:\/\/trashed.berlin\/de\/wp-json\/wp\/v2\/product_cat?post=5848"},{"taxonomy":"product_tag","embeddable":true,"href":"https:\/\/trashed.berlin\/de\/wp-json\/wp\/v2\/product_tag?post=5848"}],"curies":[{"name":"wp","href":"https:\/\/api.w.org\/{rel}","templated":true}]}}