{"id":5261,"date":"2020-08-10T21:37:13","date_gmt":"2020-08-10T19:37:13","guid":{"rendered":"https:\/\/trashed.berlin\/product\/trash-jogger-dirty-grey\/"},"modified":"2023-11-30T15:09:51","modified_gmt":"2023-11-30T13:09:51","slug":"trash-jogger-schmutziges-grau","status":"publish","type":"product","link":"https:\/\/trashed.berlin\/de\/produkt\/trash-jogger-schmutziges-grau\/","title":{"rendered":"TRASH JOGGER SCHMUTZIGES GRAU"},"content":{"rendered":"<p>Eine leicht lockere Passform mit einer handgefertigten Verarbeitung, die einen weichen Gri\ufb00 und eine Vintage-Optik verleiht.<\/p>\n<p>An der Taille befinden sich Gummis und Kordeln, auf der Vorderseite Taschen.<\/p>\n<p>Das Model tr\u00e4gt die Gr\u00f6\u00dfe XL Gr\u00f6\u00dfe: 186cm<\/p>\n<p>Gewicht: 82kg<\/p>\n<p>Material: 100% Baumwolle<\/p>\n<p>&nbsp;<\/p>\n<p>Waschanleitung Maschinenw\u00e4sche 40\u00b0C<\/p>\n<p>Trocknen im W\u00e4schetrockner erlaubt B\u00fcgeln auf mittlerer Hitze<\/p>\n<p>Keinen Weichsp\u00fcler verwenden<\/p>\n<p>&nbsp;<\/p>\n<p>Trash wird aus hochwertiger Baumwolle hergestellt, die ausschlie\u00dflich in der EU angebaut wird. Alle Sto\ufb00e, Materialien und Verarbeitungen der Kleidungsst\u00fccke werden nach h\u00f6chsten Qualit\u00e4tsstandards ausgew\u00e4hlt.<\/p>\n<p>Mit Stein gewaschen und gef\u00e4rbt f\u00fcr eine Vintage-Optik. Farben und Produktionsverfahren sind umweltfreundlich. Alle Artikel werden in der EU entworfen und hergestellt.<\/p>\n","protected":false},"excerpt":{"rendered":"<p>Eine leicht lockere Passform mit einer handgefertigten Verarbeitung, die einen weichen Gri\ufb00 und eine Vintage-Optik verleiht. An der Taille befinden sich Gummis und Kordeln, auf der Vorderseite Taschen. Das Model tr\u00e4gt die Gr\u00f6\u00dfe XL Gr\u00f6\u00dfe: 186cm Gewicht: 82kg Material: 100% Baumwolle &nbsp; Waschanleitung Maschinenw\u00e4sche 40\u00b0C Trocknen im W\u00e4schetrockner erlaubt B\u00fcgeln auf mittlerer Hitze Keinen Weichsp\u00fcler [&hellip;]<\/p>\n","protected":false},"featured_media":5168,"template":"","meta":[],"product_cat":[124],"product_tag":[],"yoast_head":"<!-- This site is optimized with the Yoast SEO plugin v22.9 - https:\/\/yoast.com\/wordpress\/plugins\/seo\/ -->\n<title>TRASH JOGGER SCHMUTZIGES GRAU - TRASH Berlin<\/title>\n<meta name=\"description\" content=\"Eine leicht lockere Passform mit einer handgefertigten Verarbeitung, die einen weichen Gri\ufb00 und eine Vintage-Optik verleiht.\" \/>\n<meta name=\"robots\" content=\"index, follow, max-snippet:-1, max-image-preview:large, max-video-preview:-1\" \/>\n<link rel=\"canonical\" href=\"https:\/\/trashed.berlin\/de\/produkt\/trash-jogger-schmutziges-grau\/\" \/>\n<meta property=\"og:locale\" content=\"de_DE\" \/>\n<meta property=\"og:type\" content=\"article\" \/>\n<meta property=\"og:title\" content=\"TRASH JOGGER SCHMUTZIGES GRAU\" \/>\n<meta property=\"og:description\" content=\"Eine leicht lockere Passform mit einer handgefertigten Verarbeitung, die einen weichen Gri\ufb00 und eine Vintage-Optik verleiht.\" \/>\n<meta property=\"og:url\" content=\"https:\/\/trashed.berlin\/de\/produkt\/trash-jogger-schmutziges-grau\/\" \/>\n<meta property=\"og:site_name\" content=\"TRASH Berlin\" \/>\n<meta property=\"article:modified_time\" content=\"2023-11-30T13:09:51+00:00\" \/>\n<meta property=\"og:image\" content=\"https:\/\/trashed.berlin\/wp-content\/uploads\/2020\/08\/dirty_grey_jogger.jpg\" \/>\n\t<meta property=\"og:image:width\" content=\"1500\" \/>\n\t<meta property=\"og:image:height\" content=\"1875\" \/>\n\t<meta property=\"og:image:type\" content=\"image\/jpeg\" \/>\n<meta name=\"twitter:card\" content=\"summary_large_image\" \/>\n<meta name=\"twitter:title\" content=\"TRASH JOGGER SCHMUTZIGES GRAU\" \/>\n<meta name=\"twitter:description\" content=\"Eine leicht lockere Passform mit einer handgefertigten Verarbeitung, die einen weichen Gri\ufb00 und eine Vintage-Optik verleiht.\" \/>\n<meta name=\"twitter:image\" content=\"https:\/\/trashed.berlin\/wp-content\/uploads\/2020\/08\/dirty_grey_jogger.jpg\" \/>\n<meta name=\"twitter:label1\" content=\"Gesch\u00e4tzte Lesezeit\" \/>\n\t<meta name=\"twitter:data1\" content=\"1 Minute\" \/>\n<script type=\"application\/ld+json\" class=\"yoast-schema-graph\">{\"@context\":\"https:\/\/schema.org\",\"@graph\":[{\"@type\":\"WebPage\",\"@id\":\"https:\/\/trashed.berlin\/de\/produkt\/trash-jogger-schmutziges-grau\/\",\"url\":\"https:\/\/trashed.berlin\/de\/produkt\/trash-jogger-schmutziges-grau\/\",\"name\":\"TRASH JOGGER SCHMUTZIGES GRAU - TRASH Berlin\",\"isPartOf\":{\"@id\":\"https:\/\/trashed.berlin\/de\/#website\"},\"primaryImageOfPage\":{\"@id\":\"https:\/\/trashed.berlin\/de\/produkt\/trash-jogger-schmutziges-grau\/#primaryimage\"},\"image\":{\"@id\":\"https:\/\/trashed.berlin\/de\/produkt\/trash-jogger-schmutziges-grau\/#primaryimage\"},\"thumbnailUrl\":\"https:\/\/trashed.berlin\/wp-content\/uploads\/2020\/08\/dirty_grey_jogger.jpg\",\"datePublished\":\"2020-08-10T19:37:13+00:00\",\"dateModified\":\"2023-11-30T13:09:51+00:00\",\"description\":\"Eine leicht lockere Passform mit einer handgefertigten Verarbeitung, die einen weichen Gri\ufb00 und eine Vintage-Optik verleiht.\",\"breadcrumb\":{\"@id\":\"https:\/\/trashed.berlin\/de\/produkt\/trash-jogger-schmutziges-grau\/#breadcrumb\"},\"inLanguage\":\"de-DE\",\"potentialAction\":[{\"@type\":\"ReadAction\",\"target\":[\"https:\/\/trashed.berlin\/de\/produkt\/trash-jogger-schmutziges-grau\/\"]}]},{\"@type\":\"ImageObject\",\"inLanguage\":\"de-DE\",\"@id\":\"https:\/\/trashed.berlin\/de\/produkt\/trash-jogger-schmutziges-grau\/#primaryimage\",\"url\":\"https:\/\/trashed.berlin\/wp-content\/uploads\/2020\/08\/dirty_grey_jogger.jpg\",\"contentUrl\":\"https:\/\/trashed.berlin\/wp-content\/uploads\/2020\/08\/dirty_grey_jogger.jpg\",\"width\":1500,\"height\":1875,\"caption\":\"Trash jogger dirty grey\"},{\"@type\":\"BreadcrumbList\",\"@id\":\"https:\/\/trashed.berlin\/de\/produkt\/trash-jogger-schmutziges-grau\/#breadcrumb\",\"itemListElement\":[{\"@type\":\"ListItem\",\"position\":1,\"name\":\"Home\",\"item\":\"https:\/\/trashed.berlin\/de\/\"},{\"@type\":\"ListItem\",\"position\":2,\"name\":\"Produkte\",\"item\":\"https:\/\/trashed.berlin\/de\/shop\/\"},{\"@type\":\"ListItem\",\"position\":3,\"name\":\"TRASH JOGGER SCHMUTZIGES GRAU\"}]},{\"@type\":\"WebSite\",\"@id\":\"https:\/\/trashed.berlin\/de\/#website\",\"url\":\"https:\/\/trashed.berlin\/de\/\",\"name\":\"TRASH Berlin\",\"description\":\"\",\"potentialAction\":[{\"@type\":\"SearchAction\",\"target\":{\"@type\":\"EntryPoint\",\"urlTemplate\":\"https:\/\/trashed.berlin\/de\/?s={search_term_string}\"},\"query-input\":\"required name=search_term_string\"}],\"inLanguage\":\"de-DE\"}]}<\/script>\n<!-- \/ Yoast SEO plugin. -->","yoast_head_json":{"title":"TRASH JOGGER SCHMUTZIGES GRAU - TRASH Berlin","description":"Eine leicht lockere Passform mit einer handgefertigten Verarbeitung, die einen weichen Gri\ufb00 und eine Vintage-Optik verleiht.","robots":{"index":"index","follow":"follow","max-snippet":"max-snippet:-1","max-image-preview":"max-image-preview:large","max-video-preview":"max-video-preview:-1"},"canonical":"https:\/\/trashed.berlin\/de\/produkt\/trash-jogger-schmutziges-grau\/","og_locale":"de_DE","og_type":"article","og_title":"TRASH JOGGER SCHMUTZIGES GRAU","og_description":"Eine leicht lockere Passform mit einer handgefertigten Verarbeitung, die einen weichen Gri\ufb00 und eine Vintage-Optik verleiht.","og_url":"https:\/\/trashed.berlin\/de\/produkt\/trash-jogger-schmutziges-grau\/","og_site_name":"TRASH Berlin","article_modified_time":"2023-11-30T13:09:51+00:00","og_image":[{"width":1500,"height":1875,"url":"https:\/\/trashed.berlin\/wp-content\/uploads\/2020\/08\/dirty_grey_jogger.jpg","type":"image\/jpeg"}],"twitter_card":"summary_large_image","twitter_title":"TRASH JOGGER SCHMUTZIGES GRAU","twitter_description":"Eine leicht lockere Passform mit einer handgefertigten Verarbeitung, die einen weichen Gri\ufb00 und eine Vintage-Optik verleiht.","twitter_image":"https:\/\/trashed.berlin\/wp-content\/uploads\/2020\/08\/dirty_grey_jogger.jpg","twitter_misc":{"Gesch\u00e4tzte Lesezeit":"1 Minute"},"schema":{"@context":"https:\/\/schema.org","@graph":[{"@type":"WebPage","@id":"https:\/\/trashed.berlin\/de\/produkt\/trash-jogger-schmutziges-grau\/","url":"https:\/\/trashed.berlin\/de\/produkt\/trash-jogger-schmutziges-grau\/","name":"TRASH JOGGER SCHMUTZIGES GRAU - TRASH Berlin","isPartOf":{"@id":"https:\/\/trashed.berlin\/de\/#website"},"primaryImageOfPage":{"@id":"https:\/\/trashed.berlin\/de\/produkt\/trash-jogger-schmutziges-grau\/#primaryimage"},"image":{"@id":"https:\/\/trashed.berlin\/de\/produkt\/trash-jogger-schmutziges-grau\/#primaryimage"},"thumbnailUrl":"https:\/\/trashed.berlin\/wp-content\/uploads\/2020\/08\/dirty_grey_jogger.jpg","datePublished":"2020-08-10T19:37:13+00:00","dateModified":"2023-11-30T13:09:51+00:00","description":"Eine leicht lockere Passform mit einer handgefertigten Verarbeitung, die einen weichen Gri\ufb00 und eine Vintage-Optik verleiht.","breadcrumb":{"@id":"https:\/\/trashed.berlin\/de\/produkt\/trash-jogger-schmutziges-grau\/#breadcrumb"},"inLanguage":"de-DE","potentialAction":[{"@type":"ReadAction","target":["https:\/\/trashed.berlin\/de\/produkt\/trash-jogger-schmutziges-grau\/"]}]},{"@type":"ImageObject","inLanguage":"de-DE","@id":"https:\/\/trashed.berlin\/de\/produkt\/trash-jogger-schmutziges-grau\/#primaryimage","url":"https:\/\/trashed.berlin\/wp-content\/uploads\/2020\/08\/dirty_grey_jogger.jpg","contentUrl":"https:\/\/trashed.berlin\/wp-content\/uploads\/2020\/08\/dirty_grey_jogger.jpg","width":1500,"height":1875,"caption":"Trash jogger dirty grey"},{"@type":"BreadcrumbList","@id":"https:\/\/trashed.berlin\/de\/produkt\/trash-jogger-schmutziges-grau\/#breadcrumb","itemListElement":[{"@type":"ListItem","position":1,"name":"Home","item":"https:\/\/trashed.berlin\/de\/"},{"@type":"ListItem","position":2,"name":"Produkte","item":"https:\/\/trashed.berlin\/de\/shop\/"},{"@type":"ListItem","position":3,"name":"TRASH JOGGER SCHMUTZIGES GRAU"}]},{"@type":"WebSite","@id":"https:\/\/trashed.berlin\/de\/#website","url":"https:\/\/trashed.berlin\/de\/","name":"TRASH Berlin","description":"","potentialAction":[{"@type":"SearchAction","target":{"@type":"EntryPoint","urlTemplate":"https:\/\/trashed.berlin\/de\/?s={search_term_string}"},"query-input":"required name=search_term_string"}],"inLanguage":"de-DE"}]}},"_links":{"self":[{"href":"https:\/\/trashed.berlin\/de\/wp-json\/wp\/v2\/product\/5261"}],"collection":[{"href":"https:\/\/trashed.berlin\/de\/wp-json\/wp\/v2\/product"}],"about":[{"href":"https:\/\/trashed.berlin\/de\/wp-json\/wp\/v2\/types\/product"}],"wp:featuredmedia":[{"embeddable":true,"href":"https:\/\/trashed.berlin\/de\/wp-json\/wp\/v2\/media\/5168"}],"wp:attachment":[{"href":"https:\/\/trashed.berlin\/de\/wp-json\/wp\/v2\/media?parent=5261"}],"wp:term":[{"taxonomy":"product_cat","embeddable":true,"href":"https:\/\/trashed.berlin\/de\/wp-json\/wp\/v2\/product_cat?post=5261"},{"taxonomy":"product_tag","embeddable":true,"href":"https:\/\/trashed.berlin\/de\/wp-json\/wp\/v2\/product_tag?post=5261"}],"curies":[{"name":"wp","href":"https:\/\/api.w.org\/{rel}","templated":true}]}}