{"id":5335,"date":"2020-11-04T12:22:15","date_gmt":"2020-11-04T10:22:15","guid":{"rendered":"https:\/\/trashed.berlin\/orders-shipping\/"},"modified":"2023-11-28T17:39:50","modified_gmt":"2023-11-28T15:39:50","slug":"orders-shipping","status":"publish","type":"page","link":"https:\/\/trashed.berlin\/de\/orders-shipping\/","title":{"rendered":"Bestellungen und Versand"},"content":{"rendered":"\n<p><br>Informationen zum Versand<\/p>\n\n\n\n<p>Berlin-Bestellungen werden montags bis freitags zwischen 9 Uhr und 17 Uhr (GMT+2) ausgeliefert. Unser Kurierdienstleister ist DHL. Da jede Bestellung einzigartig ist, variieren die Versandkosten je nach Gr\u00f6\u00dfe, Gewicht und Bestimmungsort Ihrer ausgew\u00e4hlten Artikel. F\u00fcr Last- Minute-Eink\u00e4ufe ist eine Expresslieferung zu den meisten Zielorten m\u00f6glich.<\/p>\n\n\n\n<figure class=\"wp-block-image size-large\"><img fetchpriority=\"high\" decoding=\"async\" width=\"686\" height=\"1024\" src=\"https:\/\/trashed.berlin\/wp-content\/uploads\/2021\/03\/dhl_transist_time-686x1024.jpg\" alt=\"\" class=\"wp-image-2009\" srcset=\"https:\/\/trashed.berlin\/wp-content\/uploads\/2021\/03\/dhl_transist_time-686x1024.jpg 686w, https:\/\/trashed.berlin\/wp-content\/uploads\/2021\/03\/dhl_transist_time-100x150.jpg 100w, https:\/\/trashed.berlin\/wp-content\/uploads\/2021\/03\/dhl_transist_time-600x896.jpg 600w, https:\/\/trashed.berlin\/wp-content\/uploads\/2021\/03\/dhl_transist_time-201x300.jpg 201w, https:\/\/trashed.berlin\/wp-content\/uploads\/2021\/03\/dhl_transist_time-768x1146.jpg 768w, https:\/\/trashed.berlin\/wp-content\/uploads\/2021\/03\/dhl_transist_time.jpg 954w\" sizes=\"(max-width: 686px) 100vw, 686px\" \/><\/figure>\n\n\n\n<figure class=\"wp-block-image size-large\"><img decoding=\"async\" width=\"916\" height=\"1024\" src=\"https:\/\/trashed.berlin\/wp-content\/uploads\/2021\/03\/dhl_zoning_transit_time-916x1024.jpg\" alt=\"\" class=\"wp-image-2014\" srcset=\"https:\/\/trashed.berlin\/wp-content\/uploads\/2021\/03\/dhl_zoning_transit_time-916x1024.jpg 916w, https:\/\/trashed.berlin\/wp-content\/uploads\/2021\/03\/dhl_zoning_transit_time-134x150.jpg 134w, https:\/\/trashed.berlin\/wp-content\/uploads\/2021\/03\/dhl_zoning_transit_time-600x671.jpg 600w, https:\/\/trashed.berlin\/wp-content\/uploads\/2021\/03\/dhl_zoning_transit_time-268x300.jpg 268w, https:\/\/trashed.berlin\/wp-content\/uploads\/2021\/03\/dhl_zoning_transit_time-768x858.jpg 768w, https:\/\/trashed.berlin\/wp-content\/uploads\/2021\/03\/dhl_zoning_transit_time.jpg 968w\" sizes=\"(max-width: 916px) 100vw, 916px\" \/><\/figure>\n\n\n\n<p>Please keep in mind that our shipping times should be used as a guide only and are based on time from dispatch. TBitte beachten Sie, dass unsere Versandzeiten nur als Richtwerte zu verstehen sind und auf der Zeit ab Versand basieren. Trash.Berlin kann keine Verantwortung f\u00fcr Verz\u00f6gerungen bei der Zollabfertigung, Covid-19 Verz\u00f6gerungen oder fehlgeschlagener Zahlungsfreigabe \u00fcbernehmen, obwohl wir versuchen, m\u00f6gliche Verz\u00f6gerungen zu minimieren.<\/p>\n\n\n\n<p><\/p>\n\n\n\n<h2 class=\"wp-block-heading\">DUABGABEN &amp; STEUERN<\/h2>\n\n\n\n<p>We include the cost of taxes and duties in your order, so you won\u2019t need to pay any additional fees if you are loca<\/p>\n\n\n\n<p>Die Kosten f\u00fcr Steuern und Z\u00f6lle sind in Ihrer Bestellung enthalten, so dass Sie keine zus\u00e4tzlichen Geb\u00fchren zahlen m\u00fcssen, wenn Sie in einem der L\u00e4nder der Europ\u00e4ischen Union ans\u00e4ssig sind.<\/p>\n\n\n\n<p>Wenn Sie aus Ihrer eigenen Zollzone oder Region bestellen, fallen keine Einfuhrz\u00f6lle an, jedoch m\u00fcssen Sie m\u00f6glicherweise die Mehrwertsteuer oder lokale Verkaufssteuern bezahlen.<\/p>\n\n\n\n<p>Wenn ein DAP (Delivery At Place) Bestimmungsort gew\u00e4hlt wird (d.h. Kunden au\u00dferhalb der oben aufgef\u00fchrten Bestimmungsorte), schlie\u00dft der Preis, den Sie an Trash.Berlin zahlen, alle relevanten Einfuhrz\u00f6lle und Umsatzsteuern aus. Als Empf\u00e4nger der Bestellung m\u00fcssen Sie stattdessen diese Z\u00f6lle und Steuern direkt an unseren Spediteur zahlen, damit Ihre Bestellung vom Zoll freigegeben wird. Da wir nicht in der Lage sind, den genauen Betrag zu nennen, empfehlen wir Ihnen, sich vor einer DAP-Bestellung mit Ihrem \u00f6rtlichen Zollamt oder Ihrer Steuerbeh\u00f6rde in Verbindung zu setzen.<\/p>\n\n\n\n<p><\/p>\n\n\n\n<p><\/p>\n\n\n\n<p><strong>SHVERSAND IN DIE USA<\/strong><\/p>\n\n\n\n<p>Bei internationalen Bestellungen, die an Kunden in den USA versandt werden, bitten wir Sie zu beachten, dass die US-Zollbeh\u00f6rde m\u00f6glicherweise Ihre IRS-, EIN- oder SSN-Nummer anfordert, bevor sie die Lieferung an Ihre Adresse freigibt. In der Regel haben Sie eine Woche Zeit, um diese Informationen zu \u00fcbermitteln, bevor Ihre Bestellung zur R\u00fcckerstattung an den Trash.Berlin- Partner zur\u00fcckgeschickt wird.<\/p>\n","protected":false},"excerpt":{"rendered":"<p>Informationen zum Versand Berlin-Bestellungen werden montags bis freitags zwischen 9 Uhr und 17 Uhr (GMT+2) ausgeliefert. Unser Kurierdienstleister ist DHL. Da jede Bestellung einzigartig ist, variieren die Versandkosten je nach Gr\u00f6\u00dfe, Gewicht und Bestimmungsort Ihrer ausgew\u00e4hlten Artikel. F\u00fcr Last- Minute-Eink\u00e4ufe ist eine Expresslieferung zu den meisten Zielorten m\u00f6glich. Please keep in mind that our shipping [&hellip;]<\/p>\n","protected":false},"author":1,"featured_media":0,"parent":0,"menu_order":4,"comment_status":"closed","ping_status":"closed","template":"","meta":{"footnotes":""},"yoast_head":"<!-- This site is optimized with the Yoast SEO plugin v22.9 - https:\/\/yoast.com\/wordpress\/plugins\/seo\/ -->\n<title>Bestellungen und Versand - TRASH Berlin<\/title>\n<meta name=\"robots\" content=\"index, follow, max-snippet:-1, max-image-preview:large, max-video-preview:-1\" \/>\n<link rel=\"canonical\" href=\"https:\/\/trashed.berlin\/de\/orders-shipping\/\" \/>\n<meta property=\"og:locale\" content=\"de_DE\" \/>\n<meta property=\"og:type\" content=\"article\" \/>\n<meta property=\"og:title\" content=\"Bestellungen und Versand - TRASH Berlin\" \/>\n<meta property=\"og:description\" content=\"Informationen zum Versand Berlin-Bestellungen werden montags bis freitags zwischen 9 Uhr und 17 Uhr (GMT+2) ausgeliefert. Unser Kurierdienstleister ist DHL. Da jede Bestellung einzigartig ist, variieren die Versandkosten je nach Gr\u00f6\u00dfe, Gewicht und Bestimmungsort Ihrer ausgew\u00e4hlten Artikel. F\u00fcr Last- Minute-Eink\u00e4ufe ist eine Expresslieferung zu den meisten Zielorten m\u00f6glich. Please keep in mind that our shipping [&hellip;]\" \/>\n<meta property=\"og:url\" content=\"https:\/\/trashed.berlin\/de\/orders-shipping\/\" \/>\n<meta property=\"og:site_name\" content=\"TRASH Berlin\" \/>\n<meta property=\"article:modified_time\" content=\"2023-11-28T15:39:50+00:00\" \/>\n<meta property=\"og:image\" content=\"https:\/\/trashed.berlin\/wp-content\/uploads\/2021\/03\/dhl_transist_time-686x1024.jpg\" \/>\n<meta name=\"twitter:card\" content=\"summary_large_image\" \/>\n<meta name=\"twitter:label1\" content=\"Gesch\u00e4tzte Lesezeit\" \/>\n\t<meta name=\"twitter:data1\" content=\"2 Minuten\" \/>\n<script type=\"application\/ld+json\" class=\"yoast-schema-graph\">{\"@context\":\"https:\/\/schema.org\",\"@graph\":[{\"@type\":\"WebPage\",\"@id\":\"https:\/\/trashed.berlin\/de\/orders-shipping\/\",\"url\":\"https:\/\/trashed.berlin\/de\/orders-shipping\/\",\"name\":\"Bestellungen und Versand - TRASH Berlin\",\"isPartOf\":{\"@id\":\"https:\/\/trashed.berlin\/de\/#website\"},\"primaryImageOfPage\":{\"@id\":\"https:\/\/trashed.berlin\/de\/orders-shipping\/#primaryimage\"},\"image\":{\"@id\":\"https:\/\/trashed.berlin\/de\/orders-shipping\/#primaryimage\"},\"thumbnailUrl\":\"https:\/\/trashed.berlin\/wp-content\/uploads\/2021\/03\/dhl_transist_time-686x1024.jpg\",\"datePublished\":\"2020-11-04T10:22:15+00:00\",\"dateModified\":\"2023-11-28T15:39:50+00:00\",\"breadcrumb\":{\"@id\":\"https:\/\/trashed.berlin\/de\/orders-shipping\/#breadcrumb\"},\"inLanguage\":\"de-DE\",\"potentialAction\":[{\"@type\":\"ReadAction\",\"target\":[\"https:\/\/trashed.berlin\/de\/orders-shipping\/\"]}]},{\"@type\":\"ImageObject\",\"inLanguage\":\"de-DE\",\"@id\":\"https:\/\/trashed.berlin\/de\/orders-shipping\/#primaryimage\",\"url\":\"https:\/\/trashed.berlin\/wp-content\/uploads\/2021\/03\/dhl_transist_time-686x1024.jpg\",\"contentUrl\":\"https:\/\/trashed.berlin\/wp-content\/uploads\/2021\/03\/dhl_transist_time-686x1024.jpg\"},{\"@type\":\"BreadcrumbList\",\"@id\":\"https:\/\/trashed.berlin\/de\/orders-shipping\/#breadcrumb\",\"itemListElement\":[{\"@type\":\"ListItem\",\"position\":1,\"name\":\"Home\",\"item\":\"https:\/\/trashed.berlin\/de\/\"},{\"@type\":\"ListItem\",\"position\":2,\"name\":\"Bestellungen und Versand\"}]},{\"@type\":\"WebSite\",\"@id\":\"https:\/\/trashed.berlin\/de\/#website\",\"url\":\"https:\/\/trashed.berlin\/de\/\",\"name\":\"TRASH Berlin\",\"description\":\"\",\"potentialAction\":[{\"@type\":\"SearchAction\",\"target\":{\"@type\":\"EntryPoint\",\"urlTemplate\":\"https:\/\/trashed.berlin\/de\/?s={search_term_string}\"},\"query-input\":\"required name=search_term_string\"}],\"inLanguage\":\"de-DE\"}]}<\/script>\n<!-- \/ Yoast SEO plugin. -->","yoast_head_json":{"title":"Bestellungen und Versand - TRASH Berlin","robots":{"index":"index","follow":"follow","max-snippet":"max-snippet:-1","max-image-preview":"max-image-preview:large","max-video-preview":"max-video-preview:-1"},"canonical":"https:\/\/trashed.berlin\/de\/orders-shipping\/","og_locale":"de_DE","og_type":"article","og_title":"Bestellungen und Versand - TRASH Berlin","og_description":"Informationen zum Versand Berlin-Bestellungen werden montags bis freitags zwischen 9 Uhr und 17 Uhr (GMT+2) ausgeliefert. Unser Kurierdienstleister ist DHL. Da jede Bestellung einzigartig ist, variieren die Versandkosten je nach Gr\u00f6\u00dfe, Gewicht und Bestimmungsort Ihrer ausgew\u00e4hlten Artikel. F\u00fcr Last- Minute-Eink\u00e4ufe ist eine Expresslieferung zu den meisten Zielorten m\u00f6glich. Please keep in mind that our shipping [&hellip;]","og_url":"https:\/\/trashed.berlin\/de\/orders-shipping\/","og_site_name":"TRASH Berlin","article_modified_time":"2023-11-28T15:39:50+00:00","og_image":[{"url":"https:\/\/trashed.berlin\/wp-content\/uploads\/2021\/03\/dhl_transist_time-686x1024.jpg"}],"twitter_card":"summary_large_image","twitter_misc":{"Gesch\u00e4tzte Lesezeit":"2 Minuten"},"schema":{"@context":"https:\/\/schema.org","@graph":[{"@type":"WebPage","@id":"https:\/\/trashed.berlin\/de\/orders-shipping\/","url":"https:\/\/trashed.berlin\/de\/orders-shipping\/","name":"Bestellungen und Versand - TRASH Berlin","isPartOf":{"@id":"https:\/\/trashed.berlin\/de\/#website"},"primaryImageOfPage":{"@id":"https:\/\/trashed.berlin\/de\/orders-shipping\/#primaryimage"},"image":{"@id":"https:\/\/trashed.berlin\/de\/orders-shipping\/#primaryimage"},"thumbnailUrl":"https:\/\/trashed.berlin\/wp-content\/uploads\/2021\/03\/dhl_transist_time-686x1024.jpg","datePublished":"2020-11-04T10:22:15+00:00","dateModified":"2023-11-28T15:39:50+00:00","breadcrumb":{"@id":"https:\/\/trashed.berlin\/de\/orders-shipping\/#breadcrumb"},"inLanguage":"de-DE","potentialAction":[{"@type":"ReadAction","target":["https:\/\/trashed.berlin\/de\/orders-shipping\/"]}]},{"@type":"ImageObject","inLanguage":"de-DE","@id":"https:\/\/trashed.berlin\/de\/orders-shipping\/#primaryimage","url":"https:\/\/trashed.berlin\/wp-content\/uploads\/2021\/03\/dhl_transist_time-686x1024.jpg","contentUrl":"https:\/\/trashed.berlin\/wp-content\/uploads\/2021\/03\/dhl_transist_time-686x1024.jpg"},{"@type":"BreadcrumbList","@id":"https:\/\/trashed.berlin\/de\/orders-shipping\/#breadcrumb","itemListElement":[{"@type":"ListItem","position":1,"name":"Home","item":"https:\/\/trashed.berlin\/de\/"},{"@type":"ListItem","position":2,"name":"Bestellungen und Versand"}]},{"@type":"WebSite","@id":"https:\/\/trashed.berlin\/de\/#website","url":"https:\/\/trashed.berlin\/de\/","name":"TRASH Berlin","description":"","potentialAction":[{"@type":"SearchAction","target":{"@type":"EntryPoint","urlTemplate":"https:\/\/trashed.berlin\/de\/?s={search_term_string}"},"query-input":"required name=search_term_string"}],"inLanguage":"de-DE"}]}},"_links":{"self":[{"href":"https:\/\/trashed.berlin\/de\/wp-json\/wp\/v2\/pages\/5335"}],"collection":[{"href":"https:\/\/trashed.berlin\/de\/wp-json\/wp\/v2\/pages"}],"about":[{"href":"https:\/\/trashed.berlin\/de\/wp-json\/wp\/v2\/types\/page"}],"author":[{"embeddable":true,"href":"https:\/\/trashed.berlin\/de\/wp-json\/wp\/v2\/users\/1"}],"replies":[{"embeddable":true,"href":"https:\/\/trashed.berlin\/de\/wp-json\/wp\/v2\/comments?post=5335"}],"version-history":[{"count":0,"href":"https:\/\/trashed.berlin\/de\/wp-json\/wp\/v2\/pages\/5335\/revisions"}],"wp:attachment":[{"href":"https:\/\/trashed.berlin\/de\/wp-json\/wp\/v2\/media?parent=5335"}],"curies":[{"name":"wp","href":"https:\/\/api.w.org\/{rel}","templated":true}]}}